{"id":125,"date":"2025-02-06T17:13:30","date_gmt":"2025-02-06T16:13:30","guid":{"rendered":"http:\/\/www.gkvie.at\/?page_id=125"},"modified":"2025-02-06T17:13:30","modified_gmt":"2025-02-06T16:13:30","slug":"istrien2024","status":"publish","type":"page","link":"http:\/\/www.gkvie.at\/?page_id=125","title":{"rendered":"Istrien2024"},"content":{"rendered":"\n<p><strong>Donnerstag, 23.5.2024, Wien \u2013 Bertoki, 485 km<\/strong><br>Gegen 15 h kommen wir endlich weg. Auf der Tangente staut sich\u00b4s bis zur Donau, dann geht\u00b4s z\u00fcgig weiter. Es ist insgesamt nicht viel Verkehr, besonders in Slowenien. 5 km vor Koper parken wir uns kurz nach 20:30 h in Bertoki, einem kleinen Ort 5 km vor Koper auf einem geschotterten Parkplatz neben der Autobahn ein und essen im Camper.<\/p>\n\n\n\n<p><strong>Fr., 24.05.2024, Koper \u2013 Camping Ulika, 53 km<\/strong><br>Die Nacht war \u00fcberraschend ruhig. Um 7 h wecken uns die Kirchenglocken. Nach dem Fr\u00fchst\u00fcck rasen wir bis zur Grenze nach Kroatien und dann auch ohne viel Verkehr zum CP Ulika \u2013 Zwischenstopp mit Einkauf in Novigrad \u2013 wo wir um 10 h ankommen. Der zugewiesene Platz 175 ist n\u00e4her am S\u00fcdstrand als wir voriges Jahr gestanden sind und sch\u00f6n schattig. Es sind noch viele Pl\u00e4tze frei. Den Nachmittag verbringen wir am Strand unter dem Sonnenschirm. Zuerst probiert Gerald das SUP, sp\u00e4ter Gabi. Das Meer ist zu unruhig und so paddeln wir im Knien. Das Meer ist wider Erwarten relativ warm. Abendessen beim Grill Ulika: Calamari frittiert und vom Rost.<br>Obwohl es heute (angeblich erstmals) sonnig war, ist es am Abend k\u00fchl.<\/p>\n\n\n\n<figure class=\"wp-block-image\"><a href=\"https:\/\/gkurz.wordpress.com\/wp-content\/uploads\/2024\/05\/20240524_111747.jpg\"><img decoding=\"async\" src=\"https:\/\/gkurz.wordpress.com\/wp-content\/uploads\/2024\/05\/20240524_111747.jpg?w=1024\" alt=\"\" class=\"wp-image-615\"\/><\/a><\/figure>\n\n\n\n<p><strong>Sa., 25.05.2024<\/strong><br>Wir stehen nach 7 h auf, da die Gymnastik heuer schon um 9 h beginnt. Schon in der Fr\u00fch ist es mild und wir fr\u00fchst\u00fccken nat\u00fcrlich im Freien. Zu Mittag gehen wir zum Restoran Palma, dort gibt\u00b4s Zahnbarsch mit Mangoldkartoffel, als Nachspeise Grie\u00dfschnitte. Abends k\u00fchlt es wieder ab. Auch am W-Ufer ist es ungew\u00f6hnlich windig und das Meer ist noch bewegt.<\/p>\n\n\n\n<figure class=\"wp-block-image\"><a href=\"https:\/\/gkurz.wordpress.com\/wp-content\/uploads\/2024\/05\/p1100251.jpg\"><img decoding=\"async\" src=\"https:\/\/gkurz.wordpress.com\/wp-content\/uploads\/2024\/05\/p1100251.jpg?w=1024\" alt=\"\" class=\"wp-image-619\"\/><\/a><\/figure>\n\n\n\n<p><strong>So., 26.05.2024<\/strong><br>Heute standen wir erst gegen 8:30 auf. Nach dem Fr\u00fchst\u00fcck ging Gabi walken, danach gingen wir zum Strand. Das Meer war heute bewegter als die letzten Tage und damit auch um einiges k\u00e4lter. Mittagessen wieder im Restoran Palma: Gabi Goldbrasse, ich Calamari fritti. Beim Essen zogen \u00fcber dem Festland dunke Wolken auf und wir h\u00f6rten es auch donnern. Somit blieben wir nach dem Essen beim Camper. Aber nach etwa einer Stunde kam wieder die Sonne heraus und so verbrachten wir den Nachmittag wieder am Strand.<\/p>\n\n\n\n<figure class=\"wp-block-image\"><a href=\"https:\/\/gkurz.wordpress.com\/wp-content\/uploads\/2024\/05\/20240526_140057.jpg\"><img decoding=\"async\" src=\"https:\/\/gkurz.wordpress.com\/wp-content\/uploads\/2024\/05\/20240526_140057.jpg?w=1024\" alt=\"\" class=\"wp-image-621\"\/><\/a><\/figure>\n\n\n\n<p><strong>Mo., 27.5.2024<\/strong><\/p>\n\n\n\n<p>Nach dem Fr\u00fchst\u00fcck ging Gabi wie gewohnt zur Gymnastik. Heute gab es wieder \u201emorning workout\u201c. Vormittag am Strand mit SUP, Mittagessen beim Camper (Wurstsalat), Nachmittag wieder am Strand und abends beim Camper.<\/p>\n\n\n\n<p><strong>Di., 28.05.2024<\/strong><\/p>\n\n\n\n<p>Heute Vortmittag war es bew\u00f6lkt. Nach Gabis \u201ePilates\u201c f\u00fchren wir mit den R\u00e4dern entlang dem Strand in den Nachbarort \u010cervar Porat. Gegen 11 Uhr wurde es dann sonnig. Mittagessen in \u010cervar Porat im Restaurant Ani. Den Nachmittag verbrachten wir wieder auf unserem Strand. Gegen 18 Uhr verschwand die Sonne wieder komplett hinter den Wolken.<\/p>\n\n\n\n<figure class=\"wp-block-image\"><a href=\"https:\/\/gkurz.wordpress.com\/wp-content\/uploads\/2024\/05\/cervar-porat.jpg\"><img decoding=\"async\" src=\"https:\/\/gkurz.wordpress.com\/wp-content\/uploads\/2024\/05\/cervar-porat.jpg?w=1024\" alt=\"\" class=\"wp-image-634\"\/><\/a><\/figure>\n\n\n\n<figure class=\"wp-block-image\"><a href=\"https:\/\/gkurz.wordpress.com\/wp-content\/uploads\/2024\/05\/p1100294.jpg\"><img decoding=\"async\" src=\"https:\/\/gkurz.wordpress.com\/wp-content\/uploads\/2024\/05\/p1100294.jpg?w=1024\" alt=\"\" class=\"wp-image-635\"\/><\/a><\/figure>\n\n\n\n<p><strong>Mi., 29.05.2024<\/strong><\/p>\n\n\n\n<p>In der Nacht hat es geregnet, aber am Morgen war es wieder sch\u00f6n. Nach Gabis \u201eMorning Workout\u201c gingen wir wieder zum Strand und Gabi konnte endlich stehend am SUP fahren \u2013 moi pas! Zu Mittag gingen wir zum Grill Ulika. Da gab es heute gegrillten Fischteller als Men\u00fc. Ich ging am Nachmittag kurz schnorcheln und am sp\u00e4teren Nachmittag nochmals zum Strand.<\/p>\n\n\n\n<figure class=\"wp-block-image\"><a href=\"https:\/\/gkurz.wordpress.com\/wp-content\/uploads\/2024\/05\/2.jpg\"><img decoding=\"async\" src=\"https:\/\/gkurz.wordpress.com\/wp-content\/uploads\/2024\/05\/2.jpg?w=1024\" alt=\"\" class=\"wp-image-641\"\/><\/a><\/figure>\n\n\n\n<p><strong>Do., 30.05.2024<\/strong><\/p>\n\n\n\n<p>Heute morgen war es zwar wieder sonnig, aber st\u00fcrmisch und damit gef\u00fchlt, um einiges k\u00fchler. Das Meer war so bewegt, wie wir es in Kroatien noch nie gesehen hatten. Gabi hatte heute Circuit-Training und kam ersch\u00f6pft von ihrer Gymnastik zur\u00fcck. Mittagessen im Restoran Palma. Als Men\u00fc gab es gef\u00fcllte Calamari. Mittlerweile haben die Wolken die Sonne komplett verdeckt. Nach dem Mittagessen gingen wir beide noch zum Fris\u00f6r und verbrachten den Nachmittag im Camper. Am sp\u00e4teren Nachmittag beginnt es \u2013 teils heftig \u2013 zu regnen.<\/p>\n\n\n\n<figure class=\"wp-block-image\"><a href=\"https:\/\/gkurz.wordpress.com\/wp-content\/uploads\/2024\/05\/20240530_121142.jpg\"><img decoding=\"async\" src=\"https:\/\/gkurz.wordpress.com\/wp-content\/uploads\/2024\/05\/20240530_121142.jpg?w=913\" alt=\"\" class=\"wp-image-653\"\/><\/a><\/figure>\n\n\n\n<p><strong>Fr., 31.05.2024<\/strong><\/p>\n\n\n\n<p>In der Nacht sch\u00fcttet es immer wieder bis in die fr\u00fchen Morgenstunden, aber am Morgen scheint dann die Sonne. Es geht aber wieder ein heftiger Sturm und nur in den windgesch\u00fctzten Teilen ist es warm. Kurz nach Mittag bricht wieder ein Gewitter mit starkem Regen herein, dann wieder windstill und in der Sonne angenehm warm. Nicht lange, dann kurz vor 16 Uhr beginnt es wieder zu regnen. Am Abend ist der Regen vorbei.<\/p>\n\n\n\n<figure class=\"wp-block-image\"><a href=\"https:\/\/gkurz.wordpress.com\/wp-content\/uploads\/2024\/05\/img_4321.jpg\"><img decoding=\"async\" src=\"https:\/\/gkurz.wordpress.com\/wp-content\/uploads\/2024\/05\/img_4321.jpg?w=1024\" alt=\"\" class=\"wp-image-660\"\/><\/a><\/figure>\n\n\n\n<p><strong>Sa., 01.06.2024<\/strong><\/p>\n\n\n\n<p>Am Morgen scheint wieder die Sonne, aber es ist noch teilweise bew\u00f6lkt und k\u00fchl. Nach Gabis \u201eMorning workout\u201c gehen wir zum westlichen Strand, der windgesch\u00fctzt liegt. Kurz nach 11 Uhr sind die Wolken weg und wir haben den ganzen Tag blauen Himmel. Mittagessen beim Grill Ulika: Gabi Oktopus und ich Muckalica, eine w\u00fcrzige, kroatische Speise mit Schweinefleisch, Paprika, Paradeiser und Reis.<\/p>\n\n\n\n<figure class=\"wp-block-image\"><a href=\"https:\/\/gkurz.wordpress.com\/wp-content\/uploads\/2024\/06\/20240601.jpg\"><img decoding=\"async\" src=\"https:\/\/gkurz.wordpress.com\/wp-content\/uploads\/2024\/06\/20240601.jpg?w=580\" alt=\"\" class=\"wp-image-668\"\/><\/a><\/figure>\n\n\n\n<p><strong>So., 02.06.2024<\/strong><\/p>\n\n\n\n<p>Da am Sonntag keine Gymnastik ist, ging Gabi nach dem Fr\u00fchst\u00fcck wieder Walken. Der Himmel war nur leicht bew\u00f6lkt, sodass die Sonne locker durchscheinen konnte. Mittagessen beim Camper, danach wieder am Strand. Die Bew\u00f6lkung nahm zu und am sp\u00e4ten Nachmittag war von der Sonne nichts mehr zu sehen. Beim Abendessen im Camper begann es leicht zu regnen.<\/p>\n\n\n\n<p><strong>Mo., 03.06.2024<\/strong><\/p>\n\n\n\n<p>Morgens war es noch sch\u00f6n, aber dann zogen dunkle Wolken auf und Wetterbericht f\u00fcr heute und morgen sagte Regen voraus. So beschlossen wir heute bereits heimzufahren. Im Trockenen packten wir noch zusammen, dann begann es zu sch\u00fctten. Mittagessen noch im Restaurant: Seebarsch in Tr\u00fcffelsauce. W\u00e4hrend des Essens l\u00e4sst sich wieder die Sonne blicken. W\u00e4hrend der Heimfahrt regnet es immer wieder, mal st\u00e4rker mal schw\u00e4cher. Wien erreichen wir um 20:30 im Regen.<\/p>\n\n\n\n<figure class=\"wp-block-image\"><a href=\"https:\/\/gkurz.wordpress.com\/wp-content\/uploads\/2024\/06\/20240603_121315a.jpg\"><img decoding=\"async\" src=\"https:\/\/gkurz.wordpress.com\/wp-content\/uploads\/2024\/06\/20240603_121315a.jpg?w=992\" alt=\"\" class=\"wp-image-677\"\/><\/a><\/figure>\n","protected":false},"excerpt":{"rendered":"<p>Donnerstag, 23.5.2024, Wien \u2013 Bertoki, 485 kmGegen 15 h kommen wir endlich weg. Auf der Tangente staut sich\u00b4s bis zur Donau, dann geht\u00b4s z\u00fcgig weiter. Es ist insgesamt nicht viel Verkehr, besonders in Slowenien. 5 km vor Koper parken wir uns kurz nach 20:30 h in Bertoki, einem kleinen Ort 5 km vor Koper auf einem geschotterten Parkplatz neben der Autobahn ein und essen im Camper. Fr., 24.05.2024, Koper \u2013 Camping Ulika, 53 kmDie Nacht war \u00fcberraschend ruhig. Um 7 h wecken uns die Kirchenglocken. Nach dem Fr\u00fchst\u00fcck rasen wir bis zur Grenze nach Kroatien und dann auch ohne viel Verkehr zum CP Ulika \u2013 Zwischenstopp mit Einkauf in Novigrad \u2013 wo wir um 10 h ankommen. Der zugewiesene Platz 175 ist n\u00e4her am S\u00fcdstrand als wir voriges Jahr gestanden sind und sch\u00f6n schattig. Es sind noch viele Pl\u00e4tze frei. Den Nachmittag verbringen wir am Strand unter dem Sonnenschirm. Zuerst probiert Gerald das SUP, sp\u00e4ter Gabi. Das Meer ist zu unruhig und so paddeln wir im Knien. Das Meer ist wider Erwarten relativ warm. Abendessen beim Grill Ulika: Calamari frittiert und vom Rost.Obwohl es heute (angeblich erstmals) sonnig war, ist es am Abend k\u00fchl. Sa., 25.05.2024Wir stehen nach 7 h auf, da die Gymnastik heuer schon um 9 h beginnt. Schon in der Fr\u00fch ist es mild und wir fr\u00fchst\u00fccken nat\u00fcrlich im Freien. Zu Mittag gehen wir zum Restoran Palma, dort gibt\u00b4s Zahnbarsch mit Mangoldkartoffel, als Nachspeise Grie\u00dfschnitte. Abends k\u00fchlt es wieder ab. Auch am W-Ufer ist es ungew\u00f6hnlich windig und das Meer ist noch bewegt. So., 26.05.2024Heute standen wir erst gegen 8:30 auf. Nach dem Fr\u00fchst\u00fcck ging Gabi walken, danach gingen wir zum Strand. Das Meer war heute bewegter als die letzten Tage und damit auch um einiges k\u00e4lter. Mittagessen wieder im Restoran Palma: Gabi Goldbrasse, ich Calamari fritti. Beim Essen zogen \u00fcber dem Festland dunke Wolken auf und wir h\u00f6rten es auch donnern. Somit blieben wir nach dem Essen beim Camper. Aber nach etwa einer Stunde kam wieder die Sonne heraus und so verbrachten wir den Nachmittag wieder am Strand. Mo., 27.5.2024 Nach dem Fr\u00fchst\u00fcck ging Gabi wie gewohnt zur Gymnastik. Heute gab es wieder \u201emorning workout\u201c. Vormittag am Strand mit SUP, Mittagessen beim Camper (Wurstsalat), Nachmittag wieder am Strand und abends beim Camper. Di., 28.05.2024 Heute Vortmittag war es bew\u00f6lkt. Nach Gabis \u201ePilates\u201c f\u00fchren wir mit den R\u00e4dern entlang dem Strand in den Nachbarort \u010cervar Porat. Gegen 11 Uhr wurde es dann sonnig. Mittagessen in \u010cervar Porat im Restaurant Ani. Den Nachmittag verbrachten wir wieder auf unserem Strand. Gegen 18 Uhr verschwand die Sonne wieder komplett hinter den Wolken. Mi., 29.05.2024 In der Nacht hat es geregnet, aber am Morgen war es wieder sch\u00f6n. Nach Gabis \u201eMorning Workout\u201c gingen wir wieder zum Strand und Gabi konnte endlich stehend am SUP fahren \u2013 moi pas! Zu Mittag gingen wir zum Grill Ulika. Da gab es heute gegrillten Fischteller als Men\u00fc. Ich ging am Nachmittag kurz schnorcheln und am sp\u00e4teren Nachmittag nochmals zum Strand. Do., 30.05.2024 Heute morgen war es zwar wieder sonnig, aber st\u00fcrmisch und damit gef\u00fchlt, um einiges k\u00fchler. Das Meer war so bewegt, wie wir es in Kroatien noch nie gesehen hatten. Gabi hatte heute Circuit-Training und kam ersch\u00f6pft von ihrer Gymnastik zur\u00fcck. Mittagessen im Restoran Palma. Als Men\u00fc gab es gef\u00fcllte Calamari. Mittlerweile haben die Wolken die Sonne komplett verdeckt. Nach dem Mittagessen gingen wir beide noch zum Fris\u00f6r und verbrachten den Nachmittag im Camper. Am sp\u00e4teren Nachmittag beginnt es \u2013 teils heftig \u2013 zu regnen. Fr., 31.05.2024 In der Nacht sch\u00fcttet es immer wieder bis in die fr\u00fchen Morgenstunden, aber am Morgen scheint dann die Sonne. Es geht aber wieder ein heftiger Sturm und nur in den windgesch\u00fctzten Teilen ist es warm. Kurz nach Mittag bricht wieder ein Gewitter mit starkem Regen herein, dann wieder windstill und in der Sonne angenehm warm. Nicht lange, dann kurz vor 16 Uhr beginnt es wieder zu regnen. Am Abend ist der Regen vorbei. Sa., 01.06.2024 Am Morgen scheint wieder die Sonne, aber es ist noch teilweise bew\u00f6lkt und k\u00fchl. Nach Gabis \u201eMorning workout\u201c gehen wir zum westlichen Strand, der windgesch\u00fctzt liegt. Kurz nach 11 Uhr sind die Wolken weg und wir haben den ganzen Tag blauen Himmel. Mittagessen beim Grill Ulika: Gabi Oktopus und ich Muckalica, eine w\u00fcrzige, kroatische Speise mit Schweinefleisch, Paprika, Paradeiser und Reis. So., 02.06.2024 Da am Sonntag keine Gymnastik ist, ging Gabi nach dem Fr\u00fchst\u00fcck wieder Walken. Der Himmel war nur leicht bew\u00f6lkt, sodass die Sonne locker durchscheinen konnte. Mittagessen beim Camper, danach wieder am Strand. Die Bew\u00f6lkung nahm zu und am sp\u00e4ten Nachmittag war von der Sonne nichts mehr zu sehen. Beim Abendessen im Camper begann es leicht zu regnen. Mo., 03.06.2024 Morgens war es noch sch\u00f6n, aber dann zogen dunkle Wolken auf und Wetterbericht f\u00fcr heute und morgen sagte Regen voraus. So beschlossen wir heute bereits heimzufahren. Im Trockenen packten wir noch zusammen, dann begann es zu sch\u00fctten. Mittagessen noch im Restaurant: Seebarsch in Tr\u00fcffelsauce. W\u00e4hrend des Essens l\u00e4sst sich wieder die Sonne blicken. W\u00e4hrend der Heimfahrt regnet es immer wieder, mal st\u00e4rker mal schw\u00e4cher. Wien erreichen wir um 20:30 im Regen.<\/p>\n","protected":false},"author":1,"featured_media":0,"parent":0,"menu_order":0,"comment_status":"closed","ping_status":"closed","template":"","meta":{"footnotes":""},"class_list":["post-125","page","type-page","status-publish","hentry"],"_links":{"self":[{"href":"http:\/\/www.gkvie.at\/index.php?rest_route=\/wp\/v2\/pages\/125","targetHints":{"allow":["GET"]}}],"collection":[{"href":"http:\/\/www.gkvie.at\/index.php?rest_route=\/wp\/v2\/pages"}],"about":[{"href":"http:\/\/www.gkvie.at\/index.php?rest_route=\/wp\/v2\/types\/page"}],"author":[{"embeddable":true,"href":"http:\/\/www.gkvie.at\/index.php?rest_route=\/wp\/v2\/users\/1"}],"replies":[{"embeddable":true,"href":"http:\/\/www.gkvie.at\/index.php?rest_route=%2Fwp%2Fv2%2Fcomments&post=125"}],"version-history":[{"count":1,"href":"http:\/\/www.gkvie.at\/index.php?rest_route=\/wp\/v2\/pages\/125\/revisions"}],"predecessor-version":[{"id":126,"href":"http:\/\/www.gkvie.at\/index.php?rest_route=\/wp\/v2\/pages\/125\/revisions\/126"}],"wp:attachment":[{"href":"http:\/\/www.gkvie.at\/index.php?rest_route=%2Fwp%2Fv2%2Fmedia&parent=125"}],"curies":[{"name":"wp","href":"https:\/\/api.w.org\/{rel}","templated":true}]}}